{"id":9,"date":"2023-10-27T08:44:20","date_gmt":"2023-10-27T08:44:20","guid":{"rendered":"http:\/\/www.cedf.com.tr\/?page_id=9"},"modified":"2024-07-11T15:12:09","modified_gmt":"2024-07-11T15:12:09","slug":"home","status":"publish","type":"page","link":"https:\/\/www.cedf.com.tr\/?page_id=9","title":{"rendered":"Anasayfa"},"content":{"rendered":"<p><img loading=\"lazy\" decoding=\"async\" class=\"alignnone size-medium wp-image-347\" src=\"https:\/\/www.cedf.com.tr\/wp-content\/uploads\/2024\/07\/ddddd-1-225x300.jpg\" alt=\"\" width=\"225\" height=\"300\" srcset=\"https:\/\/www.cedf.com.tr\/wp-content\/uploads\/2024\/07\/ddddd-1-225x300.jpg 225w, https:\/\/www.cedf.com.tr\/wp-content\/uploads\/2024\/07\/ddddd-1-768x1024.jpg 768w, https:\/\/www.cedf.com.tr\/wp-content\/uploads\/2024\/07\/ddddd-1-1152x1536.jpg 1152w, https:\/\/www.cedf.com.tr\/wp-content\/uploads\/2024\/07\/ddddd-1.jpg 1200w\" sizes=\"auto, (max-width: 225px) 100vw, 225px\" \/><\/p>\n<p>1970 Erzurum ili H\u0131n\u0131s il\u00e7esi kazanci k\u00f6y\u00fc Mahallesi\u2019nde do\u011fdum ben be\u015f ya\u015f\u0131ndayken \u0130stanbul\u2019a g\u00f6\u00e7t\u00fck ilk ve ortaokulu burada okudum sonras\u0131nda i\u015f hayat\u0131na at\u0131ld\u0131m . Bu arada liseyi d\u0131\u015fardan bitirdim 88 y\u0131l\u0131nda evlendim bir \u00e7ocuk annesiyim uzun y\u0131llar sa\u011fl\u0131k sekt\u00f6r\u00fcnde hizmet Edip emekli oldum \u015fu an kendime ait bir gayrimenkul ofisim var.<\/p>\n<p>G\u00f6z\u00fcm\u00fc a\u00e7\u0131p hayat\u0131 tan\u0131maya ba\u015flad\u0131\u011f\u0131m g\u00fcnden bu yana asla bireysel olmad\u0131m hep toplumun birlikteli\u011fine beraber olman\u0131n g\u00fcc\u00fcne inand\u0131m.<\/p>\n<p>B\u00fcy\u00fck metropollerde ya\u015famlar\u0131m\u0131z\u0131 s\u00fcrerken g\u00f6\u00e7 etti\u011fimiz yerlerde buralarda kaybolmamak i\u00e7in de\u011ferlerimizi geleneklerimizi ya\u015fatmak i\u00e7in yanyana durmam\u0131z\u0131n \u00f6nemli oldu\u011funu biliyorduk bu anlamda 97 senesinde kazanci k\u00f6y derne\u011finin kurulu\u015fuyla dernek y\u00f6netimlerine ve sosyal hayat\u0131n i\u00e7erisine daha aktif girdim o g\u00fcnden bug\u00fcne bir \u00e7ok kurumun y\u00f6netimlerinde delegasyonun da ve \u00fcst kurul delegeli\u011finde bulundum . bunlardan biri de ku\u015fkusuz ki ve en \u00f6nemlisi Pir sultan abdal Alibeyk\u00f6y \u015fubesinin kurucu \u00fcyelerinin aras\u0131nda olmakt\u0131.<\/p>\n<p>Sendikal eylemlerde hakk\u0131n hukukun adaletin savundu\u011fu t\u00fcm alanlarda mecralarda olmaya \u00e7al\u0131\u015ft\u0131m. Ama en \u00f6nemli projelerimizden biri 2014 y\u0131l\u0131nda kurulan \u00e7a\u011fda\u015f Erzurum dernekler federasyonu oldu<\/p>\n<p>Kurucular\u0131m\u0131z\u0131n \u00d6zenli ve titizlikle Yapt\u0131\u011f\u0131 \u00f6zverili \u00e7al\u0131\u015fmalar\u0131 ile 5.Kurucu Derne\u011fimizin \u00c7abas\u0131 sonra s\u0131 2014 YILINDA CEDF KURULMU\u015eTUR.T\u00fcm Kurucu Ba\u015fkanlar\u0131m\u0131za B\u0131r kez Daha Te\u015fekk\u00fcr ediyoruz.<\/p>\n<p>6.Ay Sonra Ola\u011fan Genel Kurulla 2015\u2019te bayra\u011f\u0131 devral ald\u0131k.<br \/>\nAli Turan ba\u015fkanl\u0131\u011f\u0131ndaki y\u00f6netime bende dahil olmu\u015ftum ,Dedim ya derdimiz insan derdimiz ekmek derdimiz adalet derdimiz halk dedik ve insan hayat\u0131na dokunur i\u015fler yap\u0131lmas\u0131 gerekti\u011fine hep biliyoruz. Bunun i\u00e7in de bu t\u00fcr kurumlarda ekonomik \u00f6zg\u00fcrl\u00fc\u011f\u00fc olmayan aya\u011f\u0131ndan prangalarla ne yaz\u0131kki \u00e7ok fazlada yol kat edemiyor onun i\u00e7inde kirac\u0131s\u0131 olarak kald\u0131\u011f\u0131m\u0131z yerin ehlibeyt Vakf\u0131n\u0131n teras kat\u0131n\u0131 Tuttuk Eski k\u00f6hne halinden al\u0131p \u015fu anki Sosyal tesislerin ve salonun olu\u015fmas\u0131na vesile olduk .<\/p>\n<p>Gen\u00e7lerimizin kad\u0131nlar\u0131m\u0131z\u0131n \u00e7ocuklar\u0131m\u0131z\u0131n bizim art\u0131k bir \u00e7at\u0131m\u0131z vard\u0131 \u015fimdi orada daha b\u00fcy\u00fck i\u015fler daha insana dokunan i\u015fler yaparak b\u00fcy\u00fcmeyi Hedef ald\u0131k.<br \/>\nBirinci y\u0131l\u0131m\u0131z\u0131n sonunda e\u011fitim sisteminde bir s\u00fcr\u00fc bo\u015flu\u011fun oldu\u011funu \u00e7ocuklar\u0131m\u0131z\u0131n \u00e7ok fazla savruldu\u011funu g\u00f6rd\u00fck. 4 + 4 gibi. E\u011fitim de m\u00fcfredat\u0131n bo\u015falt\u0131ld\u0131\u011f\u0131n\u0131 fark Edip \u00e7ocuklar\u0131m\u0131za alanlar\u0131nda deneyimli ve ilkeli, ba\u015far\u0131l\u0131 \u00f6\u011fretmenlerimiz le CEDF . E\u011fitim kurumunu olu\u015fturduk.<br \/>\nHayattaki en \u00f6nemli \u015fey ku\u015fkusuz ki \u00e7ocuklar\u0131m\u0131z, \u00f6yleyse biz de onlar\u0131n hayat\u0131nda k\u00fc\u00e7\u00fcc\u00fck bir yol a\u00e7abilirsek bu bizim en b\u00fcy\u00fck mutlulu\u011fum\u0131z olacakt\u0131..<br \/>\nCEDF E\u011fitim Sekizinci y\u0131l\u0131nda \u015fu an,e\u011fitim kurumumuz ba\u015far\u0131l\u0131 \u00f6\u011frenciler yeti\u015ftirip en iyi okullarda y\u00fczde onluk dilimlere sokarak bunu ispatlam\u0131\u015ft\u0131r. Bu anlamda t\u00fcm e\u011fitim g\u00f6n\u00fcll\u00fclerimize Ve En \u00d6nemlisi \u00d6\u011fretmenlerinize m\u00fcte\u015fekkiriz.<\/p>\n<p>Ayn\u0131 d\u00f6nemlerde yine atalar\u0131m\u0131z\u0131n ya\u015fad\u0131\u011f\u0131 topraklar ve k\u00f6ylerimize y\u00fcz\u00fcm\u00fcz\u00fc d\u00f6nerek hem H\u0131n\u0131sta hem Tekman da temsilcilikler a\u00e7t\u0131k. K\u00f6yden il\u00e7eye gelen kad\u0131nlar\u0131m\u0131z\u0131n \u00e7ocuklar\u0131m\u0131z\u0131n b\u00fcy\u00fcklerimizin oturup \u00e7ay\u0131n\u0131 kahvesini i\u00e7ebilece\u011fi alanlar yaratt\u0131k. Fakat yap\u0131lan\u0131n \u00fczerine katlayarak g\u00f6t\u00fcrmek ku\u015fkusuz ki, orada ya\u015fayan yerel haklar\u0131m\u0131zd\u0131r. H\u0131n\u0131s temsilcili\u011fimiz 7. y\u0131l devam etti.<\/p>\n<p>Ama Tekman ne yaz\u0131kki \u00fc\u00e7 ay sonunda kapat\u0131ld\u0131. O d\u00f6nem yapt\u0131\u011f\u0131m\u0131z en \u00f6nemli projelerden biri de e\u011fitim i\u00e7in k\u00f6y okullar\u0131na yapt\u0131\u011f\u0131m\u0131z bot mont kampanyas\u0131 \u00e7ok anlaml\u0131yd\u0131, Ve Tabiki T\u00fcm \u00fclkeyi ya\u015fsa bo\u011fan Deprem oldu.<\/p>\n<p>Bu \u00fclkede bir daha ayn\u0131 ac\u0131lar\u0131n ya\u015fanmamas\u0131n\u0131 dileyip temenni ederken deprem b\u00f6lgesine yapt\u0131\u011f\u0131m\u0131z kampanyayla iki t\u0131r yard\u0131m gitmesi hepimizin zor zamanlar\u0131nda nas\u0131l yanyana durdu\u011fumuzun en b\u00fcy\u00fck kan\u0131t\u0131 olmu\u015ftur bize bu anlamda duyarl\u0131l\u0131k g\u00f6steren \u00fcyelerimize dostlar\u0131m\u0131za da te\u015fekk\u00fcr etmek isteriz .\u00c7\u00fcnk\u00fc dayan\u0131\u015fma Ger\u00e7ekten ya\u015fat\u0131r.<br \/>\n2021 y\u0131l\u0131nda iki d\u00f6nem y\u00f6netimde kald\u0131ktan sonra 2015\u2019ten 2021\u2019e kadar gururlanarak bebe\u011fimiz gibi yeti\u015ftirdi\u011fimiz bir a\u011fa\u00e7 gibi, CEDF bu b\u00f6lgede yapt\u0131\u011f\u0131 i\u015flerde projelerde bir siyasi partinin \u00e7ok \u00fcst\u00fcnde g\u00fczel i\u015flere imza atm\u0131\u015ft\u0131r atmaya da devam edecektir. Bizden sonraki bayrak Devrimiz say\u0131n Dervis \u00c7i\u00e7ek y\u00f6netimi devrald\u0131. Bir y\u0131l sonra 2022\u2019de ola\u011fan\u00fcst\u00fc kongrede ile , SN. Mazlum \u015eanl\u0131 ve y\u00f6netimi gelmi\u015ftir.<\/p>\n<p>2024\u2019te ola\u011fan kongrede \u00fc\u00e7 aday\u0131n oldu\u011fu bir yar\u0131\u015fta Ben de aday oldum Nisan\u2019da k\u0131ymetli delegasyonumuz Tevecc\u00fch\u00fc,ile Se\u00e7ildik.<br \/>\nBeni \u00c7a\u011fda\u015f Erzurum dernekler federasyonun Ba\u015fkanl\u0131\u011f\u0131na,Ve y\u00f6netim Kuruluna Se\u00e7ilen arkada\u015flar\u0131m\u0131 Lay\u0131k G\u00f6rd\u00fcler.<br \/>\nbize duyduklar\u0131 g\u00fcvenle biz de t\u00fcm kurumlar\u0131m\u0131z\u0131 \u00fcyelerimizi, gen\u00e7lerimizi kad\u0131nlar\u0131m\u0131z\u0131 \u00e7ocuklar\u0131m\u0131z\u0131n hayat\u0131na dokunur, birlikte ortakla\u015ft\u0131rd\u0131\u011f\u0131m\u0131z, beraber kararla\u015ft\u0131rd\u0131\u011f\u0131m\u0131z projelerle Kurumumuzu \u00f6ne \u00e7\u0131karan menfaatlerini \u00f6n planda tutan ama en \u00f6nemlisi soka\u011f\u0131m\u0131zda yan\u0131ba\u015f\u0131m\u0131zda geli\u015fen Hi\u00e7bir \u015feye g\u00f6z\u00fcm\u00fcz\u00fc kula\u011f\u0131m\u0131z\u0131 kapatmayaca\u011f\u0131m\u0131z\u0131 daha ya\u015fan\u0131r daha \u00f6zg\u00fcr daha adaletli bir d\u00fcnya i\u00e7in bir \u00fclke i\u00e7in \u00e7ok \u00e7al\u0131\u015faca\u011f\u0131m\u0131z\u0131n ancak s\u00f6z\u00fcn\u00fc verebiliriz.<br \/>\nKurucular\u0131ndan bug\u00fcne kadar gelmi\u015f ge\u00e7mi\u015f CEDF te Emek vermi\u015f herkesin ama herkesin eme\u011fine sa\u011fl\u0131k diyoruz. Birli\u011fimiz daim yolumuz uzun soluklu olsun.<br \/>\nMOTTOMUZ ak\u0131lda kalacak \u015fekilde birle\u015fe birle\u015fe kazanaca\u011f\u0131z .????<\/p>\n","protected":false},"excerpt":{"rendered":"<p>1970 Erzurum ili H\u0131n\u0131s il\u00e7esi kazanci k\u00f6y\u00fc Mahallesi\u2019nde do\u011fdum ben be\u015f ya\u015f\u0131ndayken \u0130stanbul\u2019a g\u00f6\u00e7t\u00fck ilk ve ortaokulu burada okudum sonras\u0131nda i\u015f hayat\u0131na at\u0131ld\u0131m . Bu arada liseyi d\u0131\u015fardan bitirdim 88 y\u0131l\u0131nda evlendim bir \u00e7ocuk annesiyim uzun y\u0131llar sa\u011fl\u0131k sekt\u00f6r\u00fcnde hizmet<\/p>\n","protected":false},"author":1,"featured_media":0,"parent":0,"menu_order":0,"comment_status":"closed","ping_status":"closed","template":"","meta":{"footnotes":""},"class_list":["post-9","page","type-page","status-publish","hentry"],"_links":{"self":[{"href":"https:\/\/www.cedf.com.tr\/index.php?rest_route=\/wp\/v2\/pages\/9","targetHints":{"allow":["GET"]}}],"collection":[{"href":"https:\/\/www.cedf.com.tr\/index.php?rest_route=\/wp\/v2\/pages"}],"about":[{"href":"https:\/\/www.cedf.com.tr\/index.php?rest_route=\/wp\/v2\/types\/page"}],"author":[{"embeddable":true,"href":"https:\/\/www.cedf.com.tr\/index.php?rest_route=\/wp\/v2\/users\/1"}],"replies":[{"embeddable":true,"href":"https:\/\/www.cedf.com.tr\/index.php?rest_route=%2Fwp%2Fv2%2Fcomments&post=9"}],"version-history":[{"count":9,"href":"https:\/\/www.cedf.com.tr\/index.php?rest_route=\/wp\/v2\/pages\/9\/revisions"}],"predecessor-version":[{"id":358,"href":"https:\/\/www.cedf.com.tr\/index.php?rest_route=\/wp\/v2\/pages\/9\/revisions\/358"}],"wp:attachment":[{"href":"https:\/\/www.cedf.com.tr\/index.php?rest_route=%2Fwp%2Fv2%2Fmedia&parent=9"}],"curies":[{"name":"wp","href":"https:\/\/api.w.org\/{rel}","templated":true}]}}