{"id":359,"date":"2024-07-11T15:17:08","date_gmt":"2024-07-11T15:17:08","guid":{"rendered":"http:\/\/www.cedf.com.tr\/?page_id=359"},"modified":"2024-07-11T15:17:08","modified_gmt":"2024-07-11T15:17:08","slug":"birlesenler","status":"publish","type":"page","link":"https:\/\/www.cedf.com.tr\/?page_id=359","title":{"rendered":"Birle\u015fenler"},"content":{"rendered":"<p>CEDF H\u0131n\u0131s Ve Tekmana Ba\u011fl\u0131 K\u00f6yler\u0131n Bir Araya Geldi\u011fi Federasyondur.<\/p>\n<p>Temel ilkesi insan haklar\u0131 . \u00d6zg\u00fcrl\u00fck hukuk adalet ve hak\u00e7a payla\u015f\u0131m \u00fcst\u00fcnedir.<\/p>\n<p>2014 y\u0131l\u0131nda kurulmu\u015ftur<br \/>\nKurucu derneklerimiz<br \/>\n\u00c7a\u011flar k\u00f6y\u00fc<br \/>\nKazanci k\u00f6y\u00fc<br \/>\nG\u00fcm\u00fc\u015fl\u00fc k\u00f6y\u00fc<br \/>\nS\u0131ld\u0131z k\u00f6y\u00fc<br \/>\nTan\u0131r k\u00f6y\u00fc<\/p>\n","protected":false},"excerpt":{"rendered":"<p>CEDF H\u0131n\u0131s Ve Tekmana Ba\u011fl\u0131 K\u00f6yler\u0131n Bir Araya Geldi\u011fi Federasyondur. Temel ilkesi insan haklar\u0131 . \u00d6zg\u00fcrl\u00fck hukuk adalet ve hak\u00e7a payla\u015f\u0131m \u00fcst\u00fcnedir. 2014 y\u0131l\u0131nda kurulmu\u015ftur Kurucu derneklerimiz \u00c7a\u011flar k\u00f6y\u00fc Kazanci k\u00f6y\u00fc G\u00fcm\u00fc\u015fl\u00fc k\u00f6y\u00fc S\u0131ld\u0131z k\u00f6y\u00fc Tan\u0131r k\u00f6y\u00fc<\/p>\n","protected":false},"author":1,"featured_media":0,"parent":0,"menu_order":0,"comment_status":"closed","ping_status":"closed","template":"","meta":{"footnotes":""},"class_list":["post-359","page","type-page","status-publish","hentry"],"_links":{"self":[{"href":"https:\/\/www.cedf.com.tr\/index.php?rest_route=\/wp\/v2\/pages\/359","targetHints":{"allow":["GET"]}}],"collection":[{"href":"https:\/\/www.cedf.com.tr\/index.php?rest_route=\/wp\/v2\/pages"}],"about":[{"href":"https:\/\/www.cedf.com.tr\/index.php?rest_route=\/wp\/v2\/types\/page"}],"author":[{"embeddable":true,"href":"https:\/\/www.cedf.com.tr\/index.php?rest_route=\/wp\/v2\/users\/1"}],"replies":[{"embeddable":true,"href":"https:\/\/www.cedf.com.tr\/index.php?rest_route=%2Fwp%2Fv2%2Fcomments&post=359"}],"version-history":[{"count":1,"href":"https:\/\/www.cedf.com.tr\/index.php?rest_route=\/wp\/v2\/pages\/359\/revisions"}],"predecessor-version":[{"id":361,"href":"https:\/\/www.cedf.com.tr\/index.php?rest_route=\/wp\/v2\/pages\/359\/revisions\/361"}],"wp:attachment":[{"href":"https:\/\/www.cedf.com.tr\/index.php?rest_route=%2Fwp%2Fv2%2Fmedia&parent=359"}],"curies":[{"name":"wp","href":"https:\/\/api.w.org\/{rel}","templated":true}]}}