{"id":354,"date":"2024-07-11T15:09:27","date_gmt":"2024-07-11T15:09:27","guid":{"rendered":"http:\/\/www.cedf.com.tr\/?page_id=354"},"modified":"2024-08-15T12:26:08","modified_gmt":"2024-08-15T12:26:08","slug":"baskan","status":"publish","type":"page","link":"https:\/\/www.cedf.com.tr\/?page_id=354","title":{"rendered":"Ba\u015fkan"},"content":{"rendered":"<p><img loading=\"lazy\" decoding=\"async\" class=\"alignnone size-medium wp-image-347\" src=\"https:\/\/www.cedf.com.tr\/wp-content\/uploads\/2024\/07\/ddddd-1-225x300.jpg\" alt=\"\" width=\"225\" height=\"300\" srcset=\"https:\/\/www.cedf.com.tr\/wp-content\/uploads\/2024\/07\/ddddd-1-225x300.jpg 225w, https:\/\/www.cedf.com.tr\/wp-content\/uploads\/2024\/07\/ddddd-1-768x1024.jpg 768w, https:\/\/www.cedf.com.tr\/wp-content\/uploads\/2024\/07\/ddddd-1-1152x1536.jpg 1152w, https:\/\/www.cedf.com.tr\/wp-content\/uploads\/2024\/07\/ddddd-1.jpg 1200w\" sizes=\"auto, (max-width: 225px) 100vw, 225px\" \/><\/p>\n<p>1970 Erzurum ili H\u0131n\u0131s il\u00e7esi kazanc\u0131 k\u00f6y\u00fc Mahallesi\u2019nde do\u011fdum ben be\u015f ya\u015f\u0131ndayken \u0130stanbul\u2019a g\u00f6\u00e7t\u00fck ilk ve ortaokulu burada okudum sonras\u0131nda i\u015f hayat\u0131na at\u0131ld\u0131m . Bu arada liseyi d\u0131\u015fardan bitirdim 88 y\u0131l\u0131nda evlendim bir \u00e7ocuk annesiyim uzun y\u0131llar sa\u011fl\u0131k sekt\u00f6r\u00fcnde hizmet Edip emekli oldum \u015fu an kendime ait bir gayrimenkul ofisim var.<\/p>\n<p>G\u00f6z\u00fcm\u00fc a\u00e7\u0131p hayat\u0131 tan\u0131maya ba\u015flad\u0131\u011f\u0131m g\u00fcnden bu yana asla bireysel olmad\u0131m hep toplumun birlikteli\u011fine beraber olman\u0131n g\u00fcc\u00fcne inand\u0131m.<\/p>\n<p>B\u00fcy\u00fck metropollerde ya\u015famlar\u0131m\u0131z\u0131 s\u00fcrerken g\u00f6\u00e7 etti\u011fimiz yerlerde buralarda kaybolmamak i\u00e7in de\u011ferlerimizi geleneklerimizi ya\u015fatmak i\u00e7in yan yana durmam\u0131z\u0131n \u00f6nemli oldu\u011funu biliyorduk bu anlamda 97 senesinde kazanc\u0131 k\u00f6y derne\u011finin kurulu\u015fuyla dernek y\u00f6netimlerine ve sosyal hayat\u0131n i\u00e7erisine daha aktif girdim o g\u00fcnden bug\u00fcne bir \u00e7ok kurumun y\u00f6netimlerinde delegasyonun da ve \u00fcst kurul delegeli\u011finde bulundum . bunlardan biri de ku\u015fkusuz ki ve en \u00f6nemlisi Pir sultan abdal Alibeyk\u00f6y \u015fubesinin kurucu \u00fcyelerinin aras\u0131nda olmakt\u0131.<\/p>\n<p>Sendikal eylemlerde hakk\u0131n hukukun adaletin savundu\u011fu t\u00fcm alanlarda mecralarda olmaya \u00e7al\u0131\u015ft\u0131m. Ama en \u00f6nemli projelerimizden biri 2014 y\u0131l\u0131nda kurulan \u00e7a\u011fda\u015f Erzurum dernekler federasyonu oldu<\/p>\n<p>Kurucular\u0131m\u0131z\u0131n \u00d6zenli ve titizlikle Yapt\u0131\u011f\u0131 \u00f6zverili \u00e7al\u0131\u015fmalar\u0131 ile 5.Kurucu Derne\u011fimizin \u00c7abas\u0131 sonras\u0131 2014 YILINDA CEDF KURULMU\u015eTUR. T\u00fcm Kurucu Ba\u015fkanlar\u0131m\u0131za Bir kez Daha Te\u015fekk\u00fcr ediyoruz.<\/p>\n<p>Kurucular\u0131ndan bug\u00fcne kadar gelmi\u015f ge\u00e7mi\u015f CEDF te Emek vermi\u015f herkesin ama herkesin eme\u011fine sa\u011fl\u0131k diyoruz. Birli\u011fimiz daim yolumuz uzun soluklu olsun.<br \/>\nMOTTOMUZ ak\u0131lda kalacak \u015fekilde birle\u015fe birle\u015fe kazanaca\u011f\u0131z .????<\/p>\n","protected":false},"excerpt":{"rendered":"<p>1970 Erzurum ili H\u0131n\u0131s il\u00e7esi kazanc\u0131 k\u00f6y\u00fc Mahallesi\u2019nde do\u011fdum ben be\u015f ya\u015f\u0131ndayken \u0130stanbul\u2019a g\u00f6\u00e7t\u00fck ilk ve ortaokulu burada okudum sonras\u0131nda i\u015f hayat\u0131na at\u0131ld\u0131m . Bu arada liseyi d\u0131\u015fardan bitirdim 88 y\u0131l\u0131nda evlendim bir \u00e7ocuk annesiyim uzun y\u0131llar sa\u011fl\u0131k sekt\u00f6r\u00fcnde hizmet<\/p>\n","protected":false},"author":1,"featured_media":0,"parent":0,"menu_order":0,"comment_status":"closed","ping_status":"closed","template":"","meta":{"footnotes":""},"class_list":["post-354","page","type-page","status-publish","hentry"],"_links":{"self":[{"href":"https:\/\/www.cedf.com.tr\/index.php?rest_route=\/wp\/v2\/pages\/354","targetHints":{"allow":["GET"]}}],"collection":[{"href":"https:\/\/www.cedf.com.tr\/index.php?rest_route=\/wp\/v2\/pages"}],"about":[{"href":"https:\/\/www.cedf.com.tr\/index.php?rest_route=\/wp\/v2\/types\/page"}],"author":[{"embeddable":true,"href":"https:\/\/www.cedf.com.tr\/index.php?rest_route=\/wp\/v2\/users\/1"}],"replies":[{"embeddable":true,"href":"https:\/\/www.cedf.com.tr\/index.php?rest_route=%2Fwp%2Fv2%2Fcomments&post=354"}],"version-history":[{"count":3,"href":"https:\/\/www.cedf.com.tr\/index.php?rest_route=\/wp\/v2\/pages\/354\/revisions"}],"predecessor-version":[{"id":374,"href":"https:\/\/www.cedf.com.tr\/index.php?rest_route=\/wp\/v2\/pages\/354\/revisions\/374"}],"wp:attachment":[{"href":"https:\/\/www.cedf.com.tr\/index.php?rest_route=%2Fwp%2Fv2%2Fmedia&parent=354"}],"curies":[{"name":"wp","href":"https:\/\/api.w.org\/{rel}","templated":true}]}}