{"id":264,"date":"2024-03-21T20:55:58","date_gmt":"2024-03-21T20:55:58","guid":{"rendered":"http:\/\/www.cedf.com.tr\/?page_id=264"},"modified":"2025-07-15T16:35:14","modified_gmt":"2025-07-15T16:35:14","slug":"tanitim-filmi","status":"publish","type":"page","link":"https:\/\/www.cedf.com.tr\/?page_id=264","title":{"rendered":"Tan\u0131t\u0131m Filmi"},"content":{"rendered":"<div class=\"responsive-video\"><iframe loading=\"lazy\" title=\"CEDF 8.mart etkinli\u011fimiz\" width=\"755\" height=\"425\" src=\"https:\/\/www.youtube.com\/embed\/MPEMKNLyCqs?feature=oembed\" frameborder=\"0\" allow=\"accelerometer; autoplay; clipboard-write; encrypted-media; gyroscope; picture-in-picture; web-share\" referrerpolicy=\"strict-origin-when-cross-origin\" allowfullscreen><\/iframe><\/div>\n<div class=\"responsive-video\"><iframe loading=\"lazy\" title=\"\u00c7edf\" width=\"755\" height=\"425\" src=\"https:\/\/www.youtube.com\/embed\/CiJZvHT6_40?feature=oembed\" frameborder=\"0\" allow=\"accelerometer; autoplay; clipboard-write; encrypted-media; gyroscope; picture-in-picture; web-share\" referrerpolicy=\"strict-origin-when-cross-origin\" allowfullscreen><\/iframe><\/div>\n<p>&nbsp;<\/p>\n<div class=\"responsive-video\"><iframe loading=\"lazy\" title=\"CEDF 8.mart etkinli\u011fimiz\" width=\"755\" height=\"425\" src=\"https:\/\/www.youtube.com\/embed\/3aiArmipZoo?feature=oembed\" frameborder=\"0\" allow=\"accelerometer; autoplay; clipboard-write; encrypted-media; gyroscope; picture-in-picture; web-share\" referrerpolicy=\"strict-origin-when-cross-origin\" allowfullscreen><\/iframe><\/div>\n<div class=\"responsive-video\"><iframe loading=\"lazy\" title=\"\u00c7A\u011eDA\u015e ERZURUM HINIS - TEKMAN k\u00f6y dernekleri federasyonu 4. ola\u011fan genel kurulumuza HO\u015eGELD\u0130N\u0130Z\" width=\"755\" height=\"425\" src=\"https:\/\/www.youtube.com\/embed\/RDu7TFCdIFM?feature=oembed\" frameborder=\"0\" allow=\"accelerometer; autoplay; clipboard-write; encrypted-media; gyroscope; picture-in-picture; web-share\" referrerpolicy=\"strict-origin-when-cross-origin\" allowfullscreen><\/iframe><\/div>\n<div class=\"responsive-video\"><iframe loading=\"lazy\" title=\"\u00c7 E D F\" width=\"755\" height=\"425\" src=\"https:\/\/www.youtube.com\/embed\/QFigpIQ9FPw?feature=oembed\" frameborder=\"0\" allow=\"accelerometer; autoplay; clipboard-write; encrypted-media; gyroscope; picture-in-picture; web-share\" referrerpolicy=\"strict-origin-when-cross-origin\" allowfullscreen><\/iframe><\/div>\n<p>&nbsp;<\/p>\n<div class=\"responsive-video\"><iframe loading=\"lazy\" title=\"C E D F\" width=\"755\" height=\"425\" src=\"https:\/\/www.youtube.com\/embed\/u9KaQks_p_0?feature=oembed\" frameborder=\"0\" allow=\"accelerometer; autoplay; clipboard-write; encrypted-media; gyroscope; picture-in-picture; web-share\" referrerpolicy=\"strict-origin-when-cross-origin\" allowfullscreen><\/iframe><\/div>\n<div class=\"responsive-video\"><iframe loading=\"lazy\" title=\"\u00c7 E D F - kad\u0131n kollar\u0131\" width=\"755\" height=\"425\" src=\"https:\/\/www.youtube.com\/embed\/IBIKqgMhb4g?feature=oembed\" frameborder=\"0\" allow=\"accelerometer; autoplay; clipboard-write; encrypted-media; gyroscope; picture-in-picture; web-share\" referrerpolicy=\"strict-origin-when-cross-origin\" allowfullscreen><\/iframe><\/div>\n","protected":false},"excerpt":{"rendered":"<p>&nbsp; &nbsp;<\/p>\n","protected":false},"author":1,"featured_media":0,"parent":0,"menu_order":0,"comment_status":"closed","ping_status":"closed","template":"","meta":{"footnotes":""},"class_list":["post-264","page","type-page","status-publish","hentry"],"_links":{"self":[{"href":"https:\/\/www.cedf.com.tr\/index.php?rest_route=\/wp\/v2\/pages\/264","targetHints":{"allow":["GET"]}}],"collection":[{"href":"https:\/\/www.cedf.com.tr\/index.php?rest_route=\/wp\/v2\/pages"}],"about":[{"href":"https:\/\/www.cedf.com.tr\/index.php?rest_route=\/wp\/v2\/types\/page"}],"author":[{"embeddable":true,"href":"https:\/\/www.cedf.com.tr\/index.php?rest_route=\/wp\/v2\/users\/1"}],"replies":[{"embeddable":true,"href":"https:\/\/www.cedf.com.tr\/index.php?rest_route=%2Fwp%2Fv2%2Fcomments&post=264"}],"version-history":[{"count":9,"href":"https:\/\/www.cedf.com.tr\/index.php?rest_route=\/wp\/v2\/pages\/264\/revisions"}],"predecessor-version":[{"id":792,"href":"https:\/\/www.cedf.com.tr\/index.php?rest_route=\/wp\/v2\/pages\/264\/revisions\/792"}],"wp:attachment":[{"href":"https:\/\/www.cedf.com.tr\/index.php?rest_route=%2Fwp%2Fv2%2Fmedia&parent=264"}],"curies":[{"name":"wp","href":"https:\/\/api.w.org\/{rel}","templated":true}]}}