{"id":25,"date":"2023-10-27T09:00:08","date_gmt":"2023-10-27T09:00:08","guid":{"rendered":"http:\/\/www.cedf.com.tr\/?page_id=25"},"modified":"2025-10-06T23:10:19","modified_gmt":"2025-10-06T20:10:19","slug":"hakkimizda","status":"publish","type":"page","link":"https:\/\/www.cedf.com.tr\/?page_id=25","title":{"rendered":"Hakk\u0131m\u0131zda"},"content":{"rendered":"<p><strong>\u00c7A\u011eDAS ERZURUM HINIS TEKMAN K\u00d6Y DERNEKLER\u0130 FEDERASYONU<\/strong><\/p>\n<p><img loading=\"lazy\" decoding=\"async\" class=\"alignnone size-medium wp-image-198\" src=\"https:\/\/www.cedf.com.tr\/wp-content\/uploads\/2024\/03\/DSCF0255-300x200.jpg\" alt=\"\" width=\"300\" height=\"200\" srcset=\"https:\/\/www.cedf.com.tr\/wp-content\/uploads\/2024\/03\/DSCF0255-300x200.jpg 300w, https:\/\/www.cedf.com.tr\/wp-content\/uploads\/2024\/03\/DSCF0255-1024x683.jpg 1024w, https:\/\/www.cedf.com.tr\/wp-content\/uploads\/2024\/03\/DSCF0255-768x512.jpg 768w, https:\/\/www.cedf.com.tr\/wp-content\/uploads\/2024\/03\/DSCF0255-1536x1024.jpg 1536w, https:\/\/www.cedf.com.tr\/wp-content\/uploads\/2024\/03\/DSCF0255-2048x1365.jpg 2048w\" sizes=\"auto, (max-width: 300px) 100vw, 300px\" \/><\/p>\n<p><strong>FEDERASYONUN AD\u0130: &#8220;\u00c7A\u011eDA\u015e ERZURUM HINIS TEKMAN MAHALLE DERNEKLER\u0130 FEDERASYONU DERNE\u011e\u0130&#8221;<\/strong><\/p>\n<p><strong>FEDERASYONUN KISA ADI : &#8220;\u00c7EDF&#8221;<\/strong><\/p>\n<p>Federasyonun merkezi \u0130STANBUL&#8217;dad\u0131r. \u015eubesi Yoktur.<\/p>\n<p><strong>Federasyonun Adresi:<\/strong> Karadolap Mah. Veysel Karani Cad No: 3 Alibeyk\u00f6y \/Ey\u00fcpsultan\/\u0130stanbul<\/p>\n<p>Federasyonun Logo ve Amblemi: Logo ve Amblem a\u00e7\u0131l\u0131m\u0131: Merkezin etraf\u0131nda farkl\u0131 renklerden olu\u015fan \u00e7i\u00e7eklerin halay formunda halka olmu\u015f insanlar\u0131 simgeleyen logo noterli\u011fe tasdik ettirilip resmiyet kazand\u0131r\u0131lm\u0131\u015ft\u0131r.<\/p>\n<p><strong>FEDERASYONUN AMACI<\/strong><\/p>\n<p>T\u00fcrkiye Cumhuriyeti anayasas\u0131 ve kanunlar\u0131 do\u011frultusunda kendisine ba\u011fl\u0131 derneklerin ama\u00e7lar\u0131n\u0131 ger\u00e7ekle\u015ftirmeye yard\u0131mc\u0131 olmak, bu ama\u00e7la ba\u011fl\u0131 dernekler aras\u0131ndaki koordinasyon ve i\u015f birli\u011finin en \u00fcst d\u00fczeye \u00e7\u0131kar\u0131lmas\u0131 temel olmak \u00fczere; \u00dclkemizin ekonomik ve sosyal kalk\u0131nmas\u0131na katk\u0131da bulunmak, b\u00f6lgesel, SEKT\u00d6REL ve ulusal ekonomik sosyal, k\u00fclt\u00fcrel politikalar\u0131n olu\u015fturulmas\u0131n\u0131 sa\u011flamak,<\/p>\n<p>CEDEF Federasyonu.\u00a0\u0130lkelerimiz. Ama\u00e7lari Hedefleri <a href=\"http:\/\/Yapacaklar\u0131m\u0131z.yol\">Yapacaklar\u0131m\u0131z. yol<\/a> haritalar\u0131m\u0131z.<\/p>\n<p>E\u011e\u0130T\u0130M.<\/p>\n<p>Her ge\u00e7en y\u0131l yap boz tahtas\u0131na \u00c7evrilen giderek nitelikten, bilim ve \u00e7a\u011fda\u015fl\u0131ktan uzakla\u015ft\u0131r\u0131lan E\u011fitim Sistemi \u00e7ocuklar\u0131m\u0131z\u0131n geleceklerini iyice <a href=\"http:\/\/belirsizlestirdi.Her\">belirsizlestirdi. Her<\/a> bir \u00e7ocu\u011fun e\u015fit ve ula\u015f\u0131labilir bir E\u011e\u0130T\u0130M g\u00f6rmesi vazge\u00e7ilmez bir hak olmas\u0131na ra\u011fmen, her ge\u00e7en g\u00fcn f\u0131rsat e\u015fitli\u011finden uzak, \u00f6zel ve ticari bir alan Haline getirilmeye \u00c7al\u0131\u015f\u0131lan e\u011fitim sistemi, toplumun en b\u00fcy\u00fck kayg\u0131s\u0131 olmaya devam ediyor.<\/p>\n<p>Bu ve buna benzer bir \u00e7ok kayg\u0131 \u00c7a\u011fda\u015f Erzurum Dernekleri Federasyonunun kurulu\u015f amac\u0131na y\u00f6n veren E\u011e\u0130T\u0130M\u0130 en temel ba\u015fl\u0131klardan biri haline getirdi,<\/p>\n<p>DERNE\u011e\u0130 AMACI.<\/p>\n<p>Sosyal devletin yaz\u0131l\u0131 bir metin oldu\u011fu g\u00fcn\u00fcm\u00fcz T\u00fcrkiye&#8217;sinde dernek\u00e7ili\u011fin \u00f6nemi bir kat daha artmakta.<br \/>\nYoksul ve zor durumda olanlara umut oldu\u011fu dernekcilik kaybolan sosyal devlet anlay\u0131\u015f\u0131n\u0131n devaml\u0131l\u0131\u011f\u0131 i\u00e7in \u00f6nem arz etmekte.. CEDF &#8216;in kurulus amac\u0131 tamda budur.<\/p>\n<p>Tarihsel koklerimize sahip \u00e7\u0131kmak,y\u00fczy\u0131llari a\u015fan m\u00fccadelemizin gelecek ku\u015faklara aktar\u0131lmas\u0131, sosyo-ekonomik zorluklarla,sava\u015fan hem\u015fehrilerimizi sosyal ve k\u00fclt\u00fcrel\u00a0 zenginligimiz ile,bir arada tutmak,ve en \u00f6nemlisi de tarih boyunca yok say\u0131lan Alevi inanc\u0131m\u0131z\u0131 ya\u015fatabilmek,inan\u00e7 merkezlerimizin yasal stat\u00fcye kavu\u015fmas\u0131 gibi benzeri bir \u00e7ok konuda derne\u011fimiz \u00f6nc\u00fcl\u00fck\u00a0<a href=\"http:\/\/etmektedir.ve\">etmektedir.ve<\/a>\u00a0etmeye de devam edecektir&#8230;.<br \/>\nNe zaman bir k\u00f6y t\u00fcrk\u00fcs\u00fc duysam \u015fairli\u011fimden utan\u0131r\u0131m demi\u015f.\u00a0 Bedri Rahmi Ey\u00fcpo\u011flu..<\/p>\n","protected":false},"excerpt":{"rendered":"<p>\u00c7A\u011eDAS ERZURUM HINIS TEKMAN K\u00d6Y DERNEKLER\u0130 FEDERASYONU FEDERASYONUN AD\u0130: &#8220;\u00c7A\u011eDA\u015e ERZURUM HINIS TEKMAN MAHALLE DERNEKLER\u0130 FEDERASYONU DERNE\u011e\u0130&#8221; FEDERASYONUN KISA ADI : &#8220;\u00c7EDF&#8221; Federasyonun merkezi \u0130STANBUL&#8217;dad\u0131r. \u015eubesi Yoktur. Federasyonun Adresi: Karadolap Mah. Veysel Karani Cad No: 3 Alibeyk\u00f6y \/Ey\u00fcpsultan\/\u0130stanbul Federasyonun Logo<\/p>\n","protected":false},"author":1,"featured_media":0,"parent":0,"menu_order":0,"comment_status":"closed","ping_status":"closed","template":"","meta":{"footnotes":""},"class_list":["post-25","page","type-page","status-publish","hentry"],"_links":{"self":[{"href":"https:\/\/www.cedf.com.tr\/index.php?rest_route=\/wp\/v2\/pages\/25","targetHints":{"allow":["GET"]}}],"collection":[{"href":"https:\/\/www.cedf.com.tr\/index.php?rest_route=\/wp\/v2\/pages"}],"about":[{"href":"https:\/\/www.cedf.com.tr\/index.php?rest_route=\/wp\/v2\/types\/page"}],"author":[{"embeddable":true,"href":"https:\/\/www.cedf.com.tr\/index.php?rest_route=\/wp\/v2\/users\/1"}],"replies":[{"embeddable":true,"href":"https:\/\/www.cedf.com.tr\/index.php?rest_route=%2Fwp%2Fv2%2Fcomments&post=25"}],"version-history":[{"count":19,"href":"https:\/\/www.cedf.com.tr\/index.php?rest_route=\/wp\/v2\/pages\/25\/revisions"}],"predecessor-version":[{"id":835,"href":"https:\/\/www.cedf.com.tr\/index.php?rest_route=\/wp\/v2\/pages\/25\/revisions\/835"}],"wp:attachment":[{"href":"https:\/\/www.cedf.com.tr\/index.php?rest_route=%2Fwp%2Fv2%2Fmedia&parent=25"}],"curies":[{"name":"wp","href":"https:\/\/api.w.org\/{rel}","templated":true}]}}