{"id":144,"date":"2023-11-01T10:16:02","date_gmt":"2023-11-01T10:16:02","guid":{"rendered":"http:\/\/www.cedf.com.tr\/?page_id=144"},"modified":"2025-10-06T22:57:43","modified_gmt":"2025-10-06T19:57:43","slug":"kurum-baskanlari","status":"publish","type":"page","link":"https:\/\/www.cedf.com.tr\/?page_id=144","title":{"rendered":"Kurum Ba\u015fkanlar\u0131"},"content":{"rendered":"\n<p>\u00c7A\u011eLAR K\u00d6Y\u00dc &#8211; MURAT AL 0532 331 54 63<\/p>\n\n\n\n<p><br>KAZANCI K\u00d6Y\u00dc &#8211; HULK\u0130 AT\u0130LLA 0535 725 67 27<\/p>\n\n\n\n<p><br>BA\u015eK\u00d6Y K\u00d6Y\u00dc &#8211; \u015eEHR\u0130BAN TELEK 0536 225 7200<\/p>\n\n\n\n<p><br>SILDIZ K\u00d6Y\u00dc KEMAL OBAN 0536 842 07 25<\/p>\n\n\n\n<p><br>\u00c7ATKALE K\u00d6Y\u00dc &#8211; HASAN \u00d6ZDEM\u0130R 0530 821 89 58<\/p>\n\n\n\n<p><br>G\u00dcM\u00dc\u015eL\u00dc K\u00d6Y\u00dc &#8211; DERV\u0130\u015e YILDIRIM 0537 561 0670<\/p>\n\n\n\n<p><br>TANIR K\u00d6Y\u00dc &#8211; H\u00dcSEY\u0130N G\u00dcZELLER 0537 369 50 79<\/p>\n\n\n\n<p><br>KETENC\u0130 K\u00d6Y\u00dc &#8211; VURAL B\u0130NG\u00d6L 0543 928 07 10<\/p>\n\n\n\n<p><br>DERV\u0130\u015e AL\u0130 K\u00d6Y\u00dc &#8211; KAZIM P0LAT 0536 307 33 89<\/p>\n\n\n\n<p><\/p>\n\n\n\n<p>&nbsp;<\/p>\n","protected":false},"excerpt":{"rendered":"<p>\u00c7A\u011eLAR K\u00d6Y\u00dc &#8211; MURAT AL 0532 331 54 63 KAZANCI K\u00d6Y\u00dc &#8211; HULK\u0130 AT\u0130LLA 0535 725 67 27 BA\u015eK\u00d6Y K\u00d6Y\u00dc &#8211; \u015eEHR\u0130BAN TELEK 0536 225 7200 SILDIZ K\u00d6Y\u00dc KEMAL OBAN 0536 842 07 25 \u00c7ATKALE K\u00d6Y\u00dc &#8211; HASAN \u00d6ZDEM\u0130R 0530<\/p>\n","protected":false},"author":1,"featured_media":0,"parent":0,"menu_order":0,"comment_status":"closed","ping_status":"closed","template":"","meta":{"footnotes":""},"class_list":["post-144","page","type-page","status-publish","hentry"],"_links":{"self":[{"href":"https:\/\/www.cedf.com.tr\/index.php?rest_route=\/wp\/v2\/pages\/144","targetHints":{"allow":["GET"]}}],"collection":[{"href":"https:\/\/www.cedf.com.tr\/index.php?rest_route=\/wp\/v2\/pages"}],"about":[{"href":"https:\/\/www.cedf.com.tr\/index.php?rest_route=\/wp\/v2\/types\/page"}],"author":[{"embeddable":true,"href":"https:\/\/www.cedf.com.tr\/index.php?rest_route=\/wp\/v2\/users\/1"}],"replies":[{"embeddable":true,"href":"https:\/\/www.cedf.com.tr\/index.php?rest_route=%2Fwp%2Fv2%2Fcomments&post=144"}],"version-history":[{"count":4,"href":"https:\/\/www.cedf.com.tr\/index.php?rest_route=\/wp\/v2\/pages\/144\/revisions"}],"predecessor-version":[{"id":830,"href":"https:\/\/www.cedf.com.tr\/index.php?rest_route=\/wp\/v2\/pages\/144\/revisions\/830"}],"wp:attachment":[{"href":"https:\/\/www.cedf.com.tr\/index.php?rest_route=%2Fwp%2Fv2%2Fmedia&parent=144"}],"curies":[{"name":"wp","href":"https:\/\/api.w.org\/{rel}","templated":true}]}}